{"id":467,"date":"2025-12-08T16:29:30","date_gmt":"2025-12-08T20:29:30","guid":{"rendered":"https:\/\/www.conectica.com.bo\/?page_id=467"},"modified":"2025-12-08T16:35:22","modified_gmt":"2025-12-08T20:35:22","slug":"sajta-de-pollo","status":"publish","type":"page","link":"https:\/\/www.conectica.com.bo\/index.php\/sajta-de-pollo\/","title":{"rendered":"Sajta de pollo"},"content":{"rendered":"\n<div class=\"wp-block-group is-layout-grid wp-container-core-group-is-layout-478b6e6b wp-block-group-is-layout-grid\">\n<div class=\"wp-block-uagb-image uagb-block-bee772f2 wp-block-uagb-image--layout-default wp-block-uagb-image--effect-static wp-block-uagb-image--align-none\"><figure class=\"wp-block-uagb-image__figure\"><img loading=\"lazy\" decoding=\"async\" srcset=\"https:\/\/www.conectica.com.bo\/wp-content\/uploads\/2025\/12\/sjta2.jpg ,https:\/\/www.conectica.com.bo\/wp-content\/uploads\/2025\/12\/sjta2.jpg 780w, https:\/\/www.conectica.com.bo\/wp-content\/uploads\/2025\/12\/sjta2.jpg 360w\" sizes=\"auto, (max-width: 480px) 150px\" src=\"https:\/\/www.conectica.com.bo\/wp-content\/uploads\/2025\/12\/sjta2.jpg\" alt=\"\" class=\"uag-image-469\" width=\"868\" height=\"579\" title=\"sjta2\" loading=\"lazy\" role=\"img\"\/><\/figure><\/div>\n\n\n\n<div class=\"wp-block-uagb-image uagb-block-23b76d9d wp-block-uagb-image--layout-default wp-block-uagb-image--effect-static wp-block-uagb-image--align-none\"><figure class=\"wp-block-uagb-image__figure\"><img loading=\"lazy\" decoding=\"async\" srcset=\"https:\/\/www.conectica.com.bo\/wp-content\/uploads\/2025\/12\/sajta-de-pollo.jpg ,https:\/\/www.conectica.com.bo\/wp-content\/uploads\/2025\/12\/sajta-de-pollo.jpg 780w, https:\/\/www.conectica.com.bo\/wp-content\/uploads\/2025\/12\/sajta-de-pollo.jpg 360w\" sizes=\"auto, (max-width: 480px) 150px\" src=\"https:\/\/www.conectica.com.bo\/wp-content\/uploads\/2025\/12\/sajta-de-pollo.jpg\" alt=\"\" class=\"uag-image-470\" width=\"640\" height=\"640\" title=\"sajta-de-pollo\" loading=\"lazy\" role=\"img\"\/><\/figure><\/div>\n\n\n\n<div class=\"wp-block-uagb-info-box uagb-block-7222792a uagb-infobox__content-wrap  uagb-infobox-icon-above-title uagb-infobox-image-valign-top\"><div class=\"uagb-ifb-content\"><div class=\"uagb-ifb-icon-wrap\"><svg xmlns=\"https:\/\/www.w3.org\/2000\/svg\" viewBox=\"0 0 512 512\"><path d=\"M0 256C0 114.6 114.6 0 256 0C397.4 0 512 114.6 512 256C512 397.4 397.4 512 256 512C114.6 512 0 397.4 0 256zM371.8 211.8C382.7 200.9 382.7 183.1 371.8 172.2C360.9 161.3 343.1 161.3 332.2 172.2L224 280.4L179.8 236.2C168.9 225.3 151.1 225.3 140.2 236.2C129.3 247.1 129.3 264.9 140.2 275.8L204.2 339.8C215.1 350.7 232.9 350.7 243.8 339.8L371.8 211.8z\"><\/path><\/svg><\/div><div class=\"uagb-ifb-title-wrap\"><h3 class=\"uagb-ifb-title\">COSTO DEL PLATO<\/h3><\/div><p class=\"uagb-ifb-desc\">El plato ronda entre los 35 Y 50 Bs.<\/p><\/div><\/div>\n<\/div>\n\n\n\n<p>La sajta de pollo es un plato de La Paz. Se trata de un plato especial elaborado a base de pollo, papas, chu\u00f1o (tunta), cebolla, ajo, aj\u00ed y especias.&nbsp;<strong>El nombre \u00absajta\u00bb proviene de la lengua quechua, y significa \u00ab<a href=\"https:\/\/gastronomiabolivia.com\/picante-de-pollo\/\">picante de pollo<\/a>\u00bb pero NO tiene arroz<\/strong>.<\/p>\n\n\n\n<p><strong>La Sajta de Pollo<\/strong>&nbsp;es un plato t\u00edpico de Cochabamba, Bolivia. Se cocina el pollo con una salsa de cebolla, ajo y aj\u00ed, espesada con chu\u00f1o. Se agregan papas en cubos y se cocinan hasta que est\u00e9n tiernas. Es picante y delicioso, a menudo servido con Tunta. Este plato es popular en celebraciones y destaca la tradici\u00f3n culinaria boliviana.<\/p>\n\n\n\n<h2 class=\"wp-block-heading\">Ingredientes:<\/h2>\n\n\n\n<ul class=\"wp-block-list\">\n<li>4 presas de pollo (o dos por persona)<\/li>\n\n\n\n<li>1 taza de aj\u00ed amarillo fresco molido.<\/li>\n\n\n\n<li>4 ramas de perejil<\/li>\n\n\n\n<li>1 cebolla grande<\/li>\n\n\n\n<li>3 dientes de ajo<\/li>\n\n\n\n<li>1\/2 taza de arvejas peladas<\/li>\n\n\n\n<li>Comino<\/li>\n\n\n\n<li>Pimienta<\/li>\n\n\n\n<li>Aceite<\/li>\n\n\n\n<li>Sal<\/li>\n\n\n\n<li>4 papas<\/li>\n\n\n\n<li>1\/2 libra de tunta remojada<\/li>\n\n\n\n<li>1\/2 taza de man\u00ed crudo molido<\/li>\n\n\n\n<li>2 cd de perejil picado<\/li>\n<\/ul>\n\n\n\n<h3 class=\"wp-block-heading\">Para la salsa:<\/h3>\n\n\n\n<ul class=\"wp-block-list\">\n<li>1\/2 cebolla<\/li>\n\n\n\n<li>2 tomates<\/li>\n<\/ul>\n\n\n\n<h2 class=\"wp-block-heading\">Instrucciones:<\/h2>\n\n\n\n<ol class=\"wp-block-list\">\n<li>En una olla grande, lleva las presas de pollo, las papas peladas y las arvejas a ebullici\u00f3n con abundante agua, una rama de perejil y sal. Cocina durante unos 30 minutos o hasta que las papas est\u00e9n tiernas. Luego, apaga la olla y reserva el caldo.<\/li>\n\n\n\n<li>En una sart\u00e9n, dora ligeramente las presas de pollo con un poco de aceite hasta que est\u00e9n doradas y cocidas por dentro. Luego, ret\u00edralas y res\u00e9rvalas.<\/li>\n\n\n\n<li>En otra olla, cocina la cebolla y los ajos picados en aceite hasta que est\u00e9n dorados. Agrega comino, pimienta y sal al gusto.<\/li>\n\n\n\n<li>A\u00f1ade el aj\u00ed amarillo molido y las ramas de perejil a la mezcla anterior. Cocina durante 5 minutos, revolviendo constantemente.<\/li>\n\n\n\n<li>Agrega gradualmente tres tazas del caldo de pollo reservado, las presas de pollo cocidas y las arvejas. Cocina todo durante unos 20 minutos a fuego medio. Rectifica el saz\u00f3n.<\/li>\n\n\n\n<li>Para hacer la tunta, en una olla, sofr\u00ede dos cucharadas de cebolla picada y 1 diente de ajo en aceite. Luego, agrega el man\u00ed blanco molido y revuelve constantemente. Si es necesario, agrega un poco de agua y contin\u00faa cocinando a fuego medio durante 10 minutos.<\/li>\n\n\n\n<li>Una vez lista la tunta, incorpora las presas de pollo desmenuzadas y sal al gusto.<\/li>\n\n\n\n<li>Sirve la Sajta de Pollo con papas blancas, tunta, perejil picado, cebolla y tomate. \u00a1Disfruta de esta deliciosa receta tradicional!<\/li>\n<\/ol>\n\n\n\t\t\t<div \n\t\t\tclass=\"wp-block-uagb-google-map uagb-google-map__wrap uagb-block-03cef7c4     \"\n\t\t\tstyle=\"\" >\n\t\t\t\t<embed\n\t\t\t\t\tclass=\"uagb-google-map__iframe\"\n\t\t\t\t\ttitle=\"Mapa de Google de\"\n\t\t\t\t\tsrc=\"https:\/\/maps.google.com\/maps?q=Brainstorm%20Force&#038;z=12&#038;hl=en&#038;t=m&#038;output=embed&#038;iwloc=near\"\n\t\t\t\t\twidth=\"640\"\n\t\t\t\t\theight=\"300\"\n\t\t\t\t\tloading=\"lazy\"\n\t\t\t\t><\/embed>\n\t\t\t<\/div>\n\t\t\t\n\n\n<p>Un buen lugar para ir a comer es en el Restaurante \u00abULUPIKA\u00bb<br>Ubicado en el pasaje La Tablada<\/p>\n\n\n\n<p><\/p>\n","protected":false},"excerpt":{"rendered":"<p>La sajta de pollo es un plato de La Paz. Se trata de un plato especial elaborado a base de pollo, papas, chu\u00f1o (tunta), cebolla, ajo, aj\u00ed y especias.&nbsp;El nombre \u00absajta\u00bb proviene de la lengua quechua, y significa \u00abpicante de pollo\u00bb pero NO tiene arroz. La Sajta de Pollo&nbsp;es un plato t\u00edpico de Cochabamba, Bolivia. Se cocina el pollo con una salsa de cebolla, ajo y aj\u00ed, espesada con chu\u00f1o. Se agregan papas en cubos y se cocinan hasta que est\u00e9n tiernas. Es picante y delicioso, a menudo servido con Tunta. Este plato es popular en celebraciones y destaca la tradici\u00f3n culinaria boliviana. Ingredientes: Para la salsa: Instrucciones: Un buen lugar para ir a comer es en el Restaurante \u00abULUPIKA\u00bbUbicado en el pasaje La Tablada<\/p>\n","protected":false},"author":1,"featured_media":0,"parent":0,"menu_order":0,"comment_status":"closed","ping_status":"closed","template":"","meta":{"_uag_custom_page_level_css":"","site-sidebar-layout":"default","site-content-layout":"","ast-site-content-layout":"default","site-content-style":"default","site-sidebar-style":"default","ast-global-header-display":"","ast-banner-title-visibility":"","ast-main-header-display":"","ast-hfb-above-header-display":"","ast-hfb-below-header-display":"","ast-hfb-mobile-header-display":"","site-post-title":"","ast-breadcrumbs-content":"","ast-featured-img":"","footer-sml-layout":"","theme-transparent-header-meta":"","adv-header-id-meta":"","stick-header-meta":"","header-above-stick-meta":"","header-main-stick-meta":"","header-below-stick-meta":"","astra-migrate-meta-layouts":"default","ast-page-background-enabled":"default","ast-page-background-meta":{"desktop":{"background-color":"var(--ast-global-color-5)","background-image":"","background-repeat":"repeat","background-position":"center center","background-size":"auto","background-attachment":"scroll","background-type":"","background-media":"","overlay-type":"","overlay-color":"","overlay-opacity":"","overlay-gradient":""},"tablet":{"background-color":"","background-image":"","background-repeat":"repeat","background-position":"center center","background-size":"auto","background-attachment":"scroll","background-type":"","background-media":"","overlay-type":"","overlay-color":"","overlay-opacity":"","overlay-gradient":""},"mobile":{"background-color":"","background-image":"","background-repeat":"repeat","background-position":"center center","background-size":"auto","background-attachment":"scroll","background-type":"","background-media":"","overlay-type":"","overlay-color":"","overlay-opacity":"","overlay-gradient":""}},"ast-content-background-meta":{"desktop":{"background-color":"var(--ast-global-color-4)","background-image":"","background-repeat":"repeat","background-position":"center center","background-size":"auto","background-attachment":"scroll","background-type":"","background-media":"","overlay-type":"","overlay-color":"","overlay-opacity":"","overlay-gradient":""},"tablet":{"background-color":"var(--ast-global-color-4)","background-image":"","background-repeat":"repeat","background-position":"center center","background-size":"auto","background-attachment":"scroll","background-type":"","background-media":"","overlay-type":"","overlay-color":"","overlay-opacity":"","overlay-gradient":""},"mobile":{"background-color":"var(--ast-global-color-4)","background-image":"","background-repeat":"repeat","background-position":"center center","background-size":"auto","background-attachment":"scroll","background-type":"","background-media":"","overlay-type":"","overlay-color":"","overlay-opacity":"","overlay-gradient":""}},"footnotes":""},"class_list":["post-467","page","type-page","status-publish","hentry"],"featured_image_src":false,"featured_image_src_square":false,"rbea_author_info":{"display_name":"carlitos","author_link":"https:\/\/www.conectica.com.bo\/index.php\/author\/carlitos\/"},"rbea_excerpt_info":"La sajta de pollo es un plato de La Paz. Se trata de un plato especial elaborado a base de pollo, papas, chu\u00f1o (tunta), cebolla, ajo, aj\u00ed y especias.&nbsp;El nombre \u00absajta\u00bb proviene de la lengua quechua, y significa \u00abpicante de pollo\u00bb pero NO tiene arroz. La Sajta de Pollo&nbsp;es un plato t\u00edpico de Cochabamba, Bolivia. Se cocina el pollo con una salsa de cebolla, ajo y aj\u00ed, espesada con chu\u00f1o. Se agregan papas en cubos y se cocinan hasta que est\u00e9n tiernas. Es picante y delicioso, a menudo servido con Tunta. Este plato es popular en celebraciones y destaca la tradici\u00f3n culinaria boliviana. Ingredientes: Para la salsa: Instrucciones: Un buen lugar para ir a comer es en el Restaurante \u00abULUPIKA\u00bbUbicado en el pasaje La Tablada","uagb_featured_image_src":{"full":false,"thumbnail":false,"medium":false,"medium_large":false,"large":false,"1536x1536":false,"2048x2048":false},"uagb_author_info":{"display_name":"carlitos","author_link":"https:\/\/www.conectica.com.bo\/index.php\/author\/carlitos\/"},"uagb_comment_info":0,"uagb_excerpt":"La sajta de pollo es un plato de La Paz. Se trata de un plato especial elaborado a base de pollo, papas, chu\u00f1o (tunta), cebolla, ajo, aj\u00ed y especias.&nbsp;El nombre \u00absajta\u00bb proviene de la lengua quechua, y significa \u00abpicante de pollo\u00bb pero NO tiene arroz. La Sajta de Pollo&nbsp;es un plato t\u00edpico de Cochabamba, Bolivia.&hellip;","_links":{"self":[{"href":"https:\/\/www.conectica.com.bo\/index.php\/wp-json\/wp\/v2\/pages\/467","targetHints":{"allow":["GET"]}}],"collection":[{"href":"https:\/\/www.conectica.com.bo\/index.php\/wp-json\/wp\/v2\/pages"}],"about":[{"href":"https:\/\/www.conectica.com.bo\/index.php\/wp-json\/wp\/v2\/types\/page"}],"author":[{"embeddable":true,"href":"https:\/\/www.conectica.com.bo\/index.php\/wp-json\/wp\/v2\/users\/1"}],"replies":[{"embeddable":true,"href":"https:\/\/www.conectica.com.bo\/index.php\/wp-json\/wp\/v2\/comments?post=467"}],"version-history":[{"count":2,"href":"https:\/\/www.conectica.com.bo\/index.php\/wp-json\/wp\/v2\/pages\/467\/revisions"}],"predecessor-version":[{"id":475,"href":"https:\/\/www.conectica.com.bo\/index.php\/wp-json\/wp\/v2\/pages\/467\/revisions\/475"}],"wp:attachment":[{"href":"https:\/\/www.conectica.com.bo\/index.php\/wp-json\/wp\/v2\/media?parent=467"}],"curies":[{"name":"wp","href":"https:\/\/api.w.org\/{rel}","templated":true}]}}